{"id":9526,"date":"2021-11-23T20:04:15","date_gmt":"2021-11-23T19:04:15","guid":{"rendered":"http:\/\/allopicnic.com\/cart\/"},"modified":"2024-11-14T10:18:57","modified_gmt":"2024-11-14T09:18:57","slug":"cart","status":"publish","type":"page","link":"https:\/\/allopicnic.com\/en\/cart\/","title":{"rendered":"Cart"},"content":{"rendered":"\t\t<div data-elementor-type=\"wp-page\" data-elementor-id=\"9526\" class=\"elementor elementor-9526 elementor-13\" data-elementor-post-type=\"page\">\n\t\t\t\t\t\t<section class=\"elementor-section elementor-top-section elementor-element elementor-element-b57ff6b jedv-enabled--yes elementor-section-boxed elementor-section-height-default elementor-section-height-default\" data-id=\"b57ff6b\" data-element_type=\"section\" data-e-type=\"section\" data-settings=\"{&quot;background_background&quot;:&quot;classic&quot;}\">\n\t\t\t\t\t\t<div class=\"elementor-container elementor-column-gap-default\">\n\t\t\t\t\t<div class=\"elementor-column elementor-col-100 elementor-top-column elementor-element elementor-element-c87f0a4\" data-id=\"c87f0a4\" data-element_type=\"column\" data-e-type=\"column\">\n\t\t\t<div class=\"elementor-widget-wrap elementor-element-populated\">\n\t\t\t\t\t\t<section class=\"elementor-section elementor-inner-section elementor-element elementor-element-5e45a41 jedv-enabled--yes elementor-section-boxed elementor-section-height-default elementor-section-height-default\" data-id=\"5e45a41\" data-element_type=\"section\" data-e-type=\"section\">\n\t\t\t\t\t\t<div class=\"elementor-container elementor-column-gap-default\">\n\t\t\t\t\t<div class=\"elementor-column elementor-col-100 elementor-inner-column elementor-element elementor-element-3c4fda5\" data-id=\"3c4fda5\" data-element_type=\"column\" data-e-type=\"column\">\n\t\t\t<div class=\"elementor-widget-wrap elementor-element-populated\">\n\t\t\t\t\t\t<div class=\"elementor-element elementor-element-306a65e elementor-view-default elementor-widget elementor-widget-icon\" data-id=\"306a65e\" data-element_type=\"widget\" data-e-type=\"widget\" data-widget_type=\"icon.default\">\n\t\t\t\t<div class=\"elementor-widget-container\">\n\t\t\t\t\t\t\t<div class=\"elementor-icon-wrapper\">\n\t\t\t<div class=\"elementor-icon\">\n\t\t\t<i aria-hidden=\"true\" class=\"fas fa-user-lock\"><\/i>\t\t\t<\/div>\n\t\t<\/div>\n\t\t\t\t\t\t<\/div>\n\t\t\t\t<\/div>\n\t\t\t\t<div class=\"elementor-element elementor-element-edcc1fa elementor-widget elementor-widget-heading\" data-id=\"edcc1fa\" data-element_type=\"widget\" data-e-type=\"widget\" data-widget_type=\"heading.default\">\n\t\t\t\t<div class=\"elementor-widget-container\">\n\t\t\t\t\t<h3 class=\"elementor-heading-title elementor-size-default\">This content is for logged in users only<\/h3>\t\t\t\t<\/div>\n\t\t\t\t<\/div>\n\t\t\t\t<div class=\"elementor-element elementor-element-e70b2ba elementor-widget elementor-widget-heading\" data-id=\"e70b2ba\" data-element_type=\"widget\" data-e-type=\"widget\" data-widget_type=\"heading.default\">\n\t\t\t\t<div class=\"elementor-widget-container\">\n\t\t\t\t\t<h6 class=\"elementor-heading-title elementor-size-default\">Login<\/h6>\t\t\t\t<\/div>\n\t\t\t\t<\/div>\n\t\t\t\t<div class=\"elementor-element elementor-element-ccb8f8e elementor-widget elementor-widget-heading\" data-id=\"ccb8f8e\" data-element_type=\"widget\" data-e-type=\"widget\" data-widget_type=\"heading.default\">\n\t\t\t\t<div class=\"elementor-widget-container\">\n\t\t\t\t\t<div class=\"elementor-heading-title elementor-size-default\">Contents de vous revoir \ud83d\udc4b<\/div>\t\t\t\t<\/div>\n\t\t\t\t<\/div>\n\t\t\t\t<div class=\"elementor-element elementor-element-c8f099f elementor-button-align-center elementor-widget elementor-widget-login\" data-id=\"c8f099f\" data-element_type=\"widget\" data-e-type=\"widget\" data-widget_type=\"login.default\">\n\t\t\t\t<div class=\"elementor-widget-container\">\n\t\t\t\t\t\t\t<form class=\"elementor-login elementor-form\" method=\"post\" action=\"https:\/\/allopicnic.com\/en\/wp-login.php\" aria-label=\"Login form\">\n\t\t\t<input type=\"hidden\" name=\"redirect_to\" value=\"\/en\/wp-json\/wp\/v2\/pages\/9526\">\n\t\t\t<div class=\"elementor-form-fields-wrapper\">\n\t\t\t\t<div class=\"elementor-field-type-text elementor-field-group elementor-column elementor-col-100 elementor-field-required\">\n\t\t\t\t\t<label for=\"user-c8f099f\" class=\"elementor-field-label elementor-screen-only\">Email<\/label>\n\t\t\t\t\t<input size=\"1\" type=\"text\" name=\"log\" id=\"user-c8f099f\" placeholder=\"Email\" class=\"elementor-field elementor-field-textual elementor-size-md\">\n\t\t\t\t<\/div>\n\t\t\t\t<div class=\"elementor-field-type-text elementor-field-group elementor-column elementor-col-100 elementor-field-required\">\n\t\t\t\t\t<label for=\"password-c8f099f\" class=\"elementor-field-label elementor-screen-only\">Password<\/label>\n\t\t\t\t\t<input size=\"1\" type=\"password\" name=\"pwd\" id=\"password-c8f099f\" placeholder=\"Password\" class=\"elementor-field elementor-field-textual elementor-size-md\">\n\t\t\t\t<\/div>\n\n\t\t\t\t\t\t\t\t\t<div class=\"elementor-field-type-checkbox elementor-field-group elementor-column elementor-col-100 elementor-remember-me\">\n\t\t\t\t\t\t<label for=\"elementor-login-remember-me\">\n\t\t\t\t\t\t\t<input type=\"checkbox\" id=\"elementor-login-remember-me\" name=\"rememberme\" value=\"forever\">\n\t\t\t\t\t\t\tRemember Me\t\t\t\t\t\t<\/label>\n\t\t\t\t\t<\/div>\n\t\t\t\t\n\t\t\t\t<div class=\"elementor-field-group elementor-column elementor-field-type-submit elementor-col-100\">\n\t\t\t\t\t<button type=\"submit\" class=\"elementor-size-sm elementor-button\" name=\"wp-submit\">\n\t\t\t\t\t\t\t\t\t\t\t\t\t\t\t<span class=\"elementor-button-text\">Log in<\/span>\n\t\t\t\t\t\t\t\t\t\t\t\t<\/button>\n\t\t\t\t<\/div>\n\n\t\t\t\t\t\t\t\t\t<div class=\"elementor-field-group elementor-column elementor-col-100\">\n\t\t\t\t\t\t\t\t\t\t\t\t\t\t\t\t\t\t\t\t<a class=\"elementor-lost-password\" href=\"https:\/\/allopicnic.com\/en\/my-account\/lost-password\/\">\n\t\t\t\t\t\t\t\tLost your password?\t\t\t\t\t\t\t<\/a>\n\t\t\t\t\t\t\n\t\t\t\t\t\t\t\t\t\t\t<\/div>\n\t\t\t\t\t\t\t<\/div>\n\t\t<\/form>\n\t\t\t\t\t\t<\/div>\n\t\t\t\t<\/div>\n\t\t\t\t<div class=\"elementor-element elementor-element-47556a6 elementor-widget elementor-widget-heading\" data-id=\"47556a6\" data-element_type=\"widget\" data-e-type=\"widget\" data-widget_type=\"heading.default\">\n\t\t\t\t<div class=\"elementor-widget-container\">\n\t\t\t\t\t<h6 class=\"elementor-heading-title elementor-size-default\">Registration<\/h6>\t\t\t\t<\/div>\n\t\t\t\t<\/div>\n\t\t\t\t<div class=\"elementor-element elementor-element-16330dc elementor-widget elementor-widget-heading\" data-id=\"16330dc\" data-element_type=\"widget\" data-e-type=\"widget\" data-widget_type=\"heading.default\">\n\t\t\t\t<div class=\"elementor-widget-container\">\n\t\t\t\t\t<div class=\"elementor-heading-title elementor-size-default\">Rejoignez-nous !<\/div>\t\t\t\t<\/div>\n\t\t\t\t<\/div>\n\t\t\t\t<div class=\"elementor-element elementor-element-486f806 elementor-align-center elementor-widget elementor-widget-button\" data-id=\"486f806\" data-element_type=\"widget\" data-e-type=\"widget\" data-widget_type=\"button.default\">\n\t\t\t\t<div class=\"elementor-widget-container\">\n\t\t\t\t\t\t\t\t\t<div class=\"elementor-button-wrapper\">\n\t\t\t\t\t<a class=\"elementor-button elementor-button-link elementor-size-sm\" href=\"https:\/\/allopicnic.com\/en\/membership-en\/\">\n\t\t\t\t\t\t<span class=\"elementor-button-content-wrapper\">\n\t\t\t\t\t\t\t\t\t<span class=\"elementor-button-text\">Demande d'adh\u00e9sion<\/span>\n\t\t\t\t\t<\/span>\n\t\t\t\t\t<\/a>\n\t\t\t\t<\/div>\n\t\t\t\t\t\t\t\t<\/div>\n\t\t\t\t<\/div>\n\t\t\t\t\t<\/div>\n\t\t<\/div>\n\t\t\t\t\t<\/div>\n\t\t<\/section>\n\t\t\t\t\t<\/div>\n\t\t<\/div>\n\t\t\t\t\t<\/div>\n\t\t<\/section>\n\t\t\t\t<section class=\"elementor-section elementor-top-section elementor-element elementor-element-426a60f elementor-section-boxed elementor-section-height-default elementor-section-height-default\" data-id=\"426a60f\" data-element_type=\"section\" data-e-type=\"section\">\n\t\t\t\t\t\t<div class=\"elementor-container elementor-column-gap-default\">\n\t\t\t\t\t<div class=\"elementor-column elementor-col-100 elementor-top-column elementor-element elementor-element-77fa907d\" data-id=\"77fa907d\" data-element_type=\"column\" data-e-type=\"column\">\n\t\t\t<div class=\"elementor-widget-wrap elementor-element-populated\">\n\t\t\t\t\t\t<div class=\"elementor-element elementor-element-a224b elementor-widget elementor-widget-template\" data-id=\"a224b\" data-element_type=\"widget\" data-e-type=\"widget\" data-widget_type=\"template.default\">\n\t\t\t\t<div class=\"elementor-widget-container\">\n\t\t\t\t\t\t\t<div class=\"elementor-template\">\n\t\t\t\t\t<div data-elementor-type=\"section\" data-elementor-id=\"20558\" class=\"elementor elementor-20558\" data-elementor-post-type=\"elementor_library\">\n\t\t\t\t\t<section class=\"elementor-section elementor-top-section elementor-element elementor-element-4ecd1527 jedv-enabled--yes elementor-section-boxed elementor-section-height-default elementor-section-height-default\" data-id=\"4ecd1527\" data-element_type=\"section\" data-e-type=\"section\" data-settings=\"{&quot;background_background&quot;:&quot;classic&quot;}\">\n\t\t\t\t\t\t<div class=\"elementor-container elementor-column-gap-default\">\n\t\t\t\t\t<div class=\"elementor-column elementor-col-100 elementor-top-column elementor-element elementor-element-68c9de1a\" data-id=\"68c9de1a\" data-element_type=\"column\" data-e-type=\"column\">\n\t\t\t<div class=\"elementor-widget-wrap elementor-element-populated\">\n\t\t\t\t\t\t<section class=\"elementor-section elementor-inner-section elementor-element elementor-element-4f17372d jedv-enabled--yes elementor-section-boxed elementor-section-height-default elementor-section-height-default\" data-id=\"4f17372d\" data-element_type=\"section\" data-e-type=\"section\">\n\t\t\t\t\t\t<div class=\"elementor-container elementor-column-gap-default\">\n\t\t\t\t\t<div class=\"elementor-column elementor-col-100 elementor-inner-column elementor-element elementor-element-3300b13d\" data-id=\"3300b13d\" data-element_type=\"column\" data-e-type=\"column\">\n\t\t\t<div class=\"elementor-widget-wrap elementor-element-populated\">\n\t\t\t\t\t\t<div class=\"elementor-element elementor-element-78bb2b47 elementor-view-default elementor-widget elementor-widget-icon\" data-id=\"78bb2b47\" data-element_type=\"widget\" data-e-type=\"widget\" data-widget_type=\"icon.default\">\n\t\t\t\t<div class=\"elementor-widget-container\">\n\t\t\t\t\t\t\t<div class=\"elementor-icon-wrapper\">\n\t\t\t<div class=\"elementor-icon\">\n\t\t\t<i aria-hidden=\"true\" class=\"fas fa-user-lock\"><\/i>\t\t\t<\/div>\n\t\t<\/div>\n\t\t\t\t\t\t<\/div>\n\t\t\t\t<\/div>\n\t\t\t\t<div class=\"elementor-element elementor-element-444907b3 elementor-widget elementor-widget-heading\" data-id=\"444907b3\" data-element_type=\"widget\" data-e-type=\"widget\" data-widget_type=\"heading.default\">\n\t\t\t\t<div class=\"elementor-widget-container\">\n\t\t\t\t\t<h3 class=\"elementor-heading-title elementor-size-default\">Ce contenu est r\u00e9serv\u00e9 aux utilisateurs connect\u00e9s<\/h3>\t\t\t\t<\/div>\n\t\t\t\t<\/div>\n\t\t\t\t<div class=\"elementor-element elementor-element-218e12ab elementor-widget elementor-widget-heading\" data-id=\"218e12ab\" data-element_type=\"widget\" data-e-type=\"widget\" data-widget_type=\"heading.default\">\n\t\t\t\t<div class=\"elementor-widget-container\">\n\t\t\t\t\t<h6 class=\"elementor-heading-title elementor-size-default\">Connectez-vous<\/h6>\t\t\t\t<\/div>\n\t\t\t\t<\/div>\n\t\t\t\t<div class=\"elementor-element elementor-element-60de76e1 elementor-widget elementor-widget-heading\" data-id=\"60de76e1\" data-element_type=\"widget\" data-e-type=\"widget\" data-widget_type=\"heading.default\">\n\t\t\t\t<div class=\"elementor-widget-container\">\n\t\t\t\t\t<div class=\"elementor-heading-title elementor-size-default\">Contents de vous revoir \ud83d\udc4b<\/div>\t\t\t\t<\/div>\n\t\t\t\t<\/div>\n\t\t\t\t<div class=\"elementor-element elementor-element-2850a8a elementor-button-align-center elementor-widget-mobile__width-inherit elementor-widget elementor-widget-login\" data-id=\"2850a8a\" data-element_type=\"widget\" data-e-type=\"widget\" data-widget_type=\"login.default\">\n\t\t\t\t<div class=\"elementor-widget-container\">\n\t\t\t\t\t\t\t<form class=\"elementor-login elementor-form\" method=\"post\" action=\"https:\/\/allopicnic.com\/en\/wp-login.php\" aria-label=\"Login form\">\n\t\t\t<input type=\"hidden\" name=\"redirect_to\" value=\"\/en\/wp-json\/wp\/v2\/pages\/9526\">\n\t\t\t<div class=\"elementor-form-fields-wrapper\">\n\t\t\t\t<div class=\"elementor-field-type-text elementor-field-group elementor-column elementor-col-100 elementor-field-required\">\n\t\t\t\t\t<label for=\"user-2850a8a\" class=\"elementor-field-label elementor-screen-only\">Email<\/label>\n\t\t\t\t\t<input size=\"1\" type=\"text\" name=\"log\" id=\"user-2850a8a\" placeholder=\"Email\" class=\"elementor-field elementor-field-textual elementor-size-md\">\n\t\t\t\t<\/div>\n\t\t\t\t<div class=\"elementor-field-type-text elementor-field-group elementor-column elementor-col-100 elementor-field-required\">\n\t\t\t\t\t<label for=\"password-2850a8a\" class=\"elementor-field-label elementor-screen-only\">Mot de passe<\/label>\n\t\t\t\t\t<input size=\"1\" type=\"password\" name=\"pwd\" id=\"password-2850a8a\" placeholder=\"Mot de passe\" class=\"elementor-field elementor-field-textual elementor-size-md\">\n\t\t\t\t<\/div>\n\n\t\t\t\t\t\t\t\t\t<div class=\"elementor-field-type-checkbox elementor-field-group elementor-column elementor-col-100 elementor-remember-me\">\n\t\t\t\t\t\t<label for=\"elementor-login-remember-me\">\n\t\t\t\t\t\t\t<input type=\"checkbox\" id=\"elementor-login-remember-me\" name=\"rememberme\" value=\"forever\">\n\t\t\t\t\t\t\tRemember Me\t\t\t\t\t\t<\/label>\n\t\t\t\t\t<\/div>\n\t\t\t\t\n\t\t\t\t<div class=\"elementor-field-group elementor-column elementor-field-type-submit elementor-col-100\">\n\t\t\t\t\t<button type=\"submit\" class=\"elementor-size-sm elementor-button\" name=\"wp-submit\">\n\t\t\t\t\t\t\t\t\t\t\t\t\t\t\t<span class=\"elementor-button-text\">Se connecter<\/span>\n\t\t\t\t\t\t\t\t\t\t\t\t<\/button>\n\t\t\t\t<\/div>\n\n\t\t\t\t\t\t\t\t\t<div class=\"elementor-field-group elementor-column elementor-col-100\">\n\t\t\t\t\t\t\t\t\t\t\t\t\t\t\t\t\t\t\t\t<a class=\"elementor-lost-password\" href=\"https:\/\/allopicnic.com\/en\/my-account\/lost-password\/\">\n\t\t\t\t\t\t\t\tLost your password?\t\t\t\t\t\t\t<\/a>\n\t\t\t\t\t\t\n\t\t\t\t\t\t\t\t\t\t\t<\/div>\n\t\t\t\t\t\t\t<\/div>\n\t\t<\/form>\n\t\t\t\t\t\t<\/div>\n\t\t\t\t<\/div>\n\t\t\t\t<div class=\"elementor-element elementor-element-50ea5109 elementor-widget elementor-widget-heading\" data-id=\"50ea5109\" data-element_type=\"widget\" data-e-type=\"widget\" data-widget_type=\"heading.default\">\n\t\t\t\t<div class=\"elementor-widget-container\">\n\t\t\t\t\t<h6 class=\"elementor-heading-title elementor-size-default\">Pas encore de compte ?<\/h6>\t\t\t\t<\/div>\n\t\t\t\t<\/div>\n\t\t\t\t<div class=\"elementor-element elementor-element-32dcb583 elementor-widget elementor-widget-heading\" data-id=\"32dcb583\" data-element_type=\"widget\" data-e-type=\"widget\" data-widget_type=\"heading.default\">\n\t\t\t\t<div class=\"elementor-widget-container\">\n\t\t\t\t\t<div class=\"elementor-heading-title elementor-size-default\">Rejoignez-nous !<\/div>\t\t\t\t<\/div>\n\t\t\t\t<\/div>\n\t\t\t\t<div class=\"elementor-element elementor-element-5ccdbdba elementor-align-center elementor-widget elementor-widget-button\" data-id=\"5ccdbdba\" data-element_type=\"widget\" data-e-type=\"widget\" data-widget_type=\"button.default\">\n\t\t\t\t<div class=\"elementor-widget-container\">\n\t\t\t\t\t\t\t\t\t<div class=\"elementor-button-wrapper\">\n\t\t\t\t\t<a class=\"elementor-button elementor-button-link elementor-size-sm\" href=\"\/adhesion\">\n\t\t\t\t\t\t<span class=\"elementor-button-content-wrapper\">\n\t\t\t\t\t\t\t\t\t<span class=\"elementor-button-text\">Demande d'adh\u00e9sion<\/span>\n\t\t\t\t\t<\/span>\n\t\t\t\t\t<\/a>\n\t\t\t\t<\/div>\n\t\t\t\t\t\t\t\t<\/div>\n\t\t\t\t<\/div>\n\t\t\t\t\t<\/div>\n\t\t<\/div>\n\t\t\t\t\t<\/div>\n\t\t<\/section>\n\t\t\t\t\t<\/div>\n\t\t<\/div>\n\t\t\t\t\t<\/div>\n\t\t<\/section>\n\t\t\t\t<\/div>\n\t\t\t\t<\/div>\n\t\t\t\t\t\t<\/div>\n\t\t\t\t<\/div>\n\t\t\t\t\t<\/div>\n\t\t<\/div>\n\t\t\t\t\t<\/div>\n\t\t<\/section>\n\t\t\t\t<\/div>\n\t\t","protected":false},"excerpt":{"rendered":"<p>This content is for logged in users only Login Contents de vous revoir \ud83d\udc4b Registration Rejoignez-nous ! Demande d&#8217;adh\u00e9sion Thank&#8230;<\/p>\n","protected":false},"author":1,"featured_media":0,"parent":0,"menu_order":0,"comment_status":"closed","ping_status":"closed","template":"","meta":{"footnotes":""},"class_list":["post-9526","page","type-page","status-publish","hentry"],"yoast_head":"<!-- This site is optimized with the Yoast SEO plugin v27.3 - https:\/\/yoast.com\/product\/yoast-seo-wordpress\/ -->\n<title>Cart - ALLOPICNIC<\/title>\n<meta name=\"robots\" content=\"index, follow, max-snippet:-1, max-image-preview:large, max-video-preview:-1\" \/>\n<link rel=\"canonical\" href=\"https:\/\/allopicnic.com\/en\/cart\/\" \/>\n<meta property=\"og:locale\" content=\"en_US\" \/>\n<meta property=\"og:type\" content=\"article\" \/>\n<meta property=\"og:title\" content=\"Cart - ALLOPICNIC\" \/>\n<meta property=\"og:description\" content=\"This content is for logged in users only Login Contents de vous revoir \ud83d\udc4b Registration Rejoignez-nous ! Demande d&#8217;adh\u00e9sion Thank...\" \/>\n<meta property=\"og:url\" content=\"https:\/\/allopicnic.com\/en\/cart\/\" \/>\n<meta property=\"og:site_name\" content=\"ALLOPICNIC\" \/>\n<meta property=\"article:modified_time\" content=\"2024-11-14T09:18:57+00:00\" \/>\n<meta property=\"og:image\" content=\"https:\/\/allopicnic.com\/wp-content\/uploads\/2024\/11\/Les-paniers-repas-de-groupes.jpg\" \/>\n\t<meta property=\"og:image:width\" content=\"1920\" \/>\n\t<meta property=\"og:image:height\" content=\"1080\" \/>\n\t<meta property=\"og:image:type\" content=\"image\/jpeg\" \/>\n<meta name=\"twitter:card\" content=\"summary_large_image\" \/>\n<meta name=\"twitter:label1\" content=\"Est. reading time\" \/>\n\t<meta name=\"twitter:data1\" content=\"3 minutes\" \/>\n<script type=\"application\/ld+json\" class=\"yoast-schema-graph\">{\"@context\":\"https:\\\/\\\/schema.org\",\"@graph\":[{\"@type\":\"WebPage\",\"@id\":\"https:\\\/\\\/allopicnic.com\\\/en\\\/cart\\\/\",\"url\":\"https:\\\/\\\/allopicnic.com\\\/en\\\/cart\\\/\",\"name\":\"Cart - ALLOPICNIC\",\"isPartOf\":{\"@id\":\"https:\\\/\\\/allopicnic.com\\\/en\\\/#website\"},\"datePublished\":\"2021-11-23T19:04:15+00:00\",\"dateModified\":\"2024-11-14T09:18:57+00:00\",\"breadcrumb\":{\"@id\":\"https:\\\/\\\/allopicnic.com\\\/en\\\/cart\\\/#breadcrumb\"},\"inLanguage\":\"en-US\",\"potentialAction\":[{\"@type\":\"ReadAction\",\"target\":[\"https:\\\/\\\/allopicnic.com\\\/en\\\/cart\\\/\"]}]},{\"@type\":\"BreadcrumbList\",\"@id\":\"https:\\\/\\\/allopicnic.com\\\/en\\\/cart\\\/#breadcrumb\",\"itemListElement\":[{\"@type\":\"ListItem\",\"position\":1,\"name\":\"Accueil\",\"item\":\"https:\\\/\\\/allopicnic.com\\\/en\\\/home\\\/\"},{\"@type\":\"ListItem\",\"position\":2,\"name\":\"Cart\"}]},{\"@type\":\"WebSite\",\"@id\":\"https:\\\/\\\/allopicnic.com\\\/en\\\/#website\",\"url\":\"https:\\\/\\\/allopicnic.com\\\/en\\\/\",\"name\":\"ALLOPICNIC\",\"description\":\"Paniers repas pour les groupes  - Paris et IDF\",\"publisher\":{\"@id\":\"https:\\\/\\\/allopicnic.com\\\/en\\\/#organization\"},\"potentialAction\":[{\"@type\":\"SearchAction\",\"target\":{\"@type\":\"EntryPoint\",\"urlTemplate\":\"https:\\\/\\\/allopicnic.com\\\/en\\\/?s={search_term_string}\"},\"query-input\":{\"@type\":\"PropertyValueSpecification\",\"valueRequired\":true,\"valueName\":\"search_term_string\"}}],\"inLanguage\":\"en-US\"},{\"@type\":\"Organization\",\"@id\":\"https:\\\/\\\/allopicnic.com\\\/en\\\/#organization\",\"name\":\"ALLOPICNIC\",\"url\":\"https:\\\/\\\/allopicnic.com\\\/en\\\/\",\"logo\":{\"@type\":\"ImageObject\",\"inLanguage\":\"en-US\",\"@id\":\"https:\\\/\\\/allopicnic.com\\\/en\\\/#\\\/schema\\\/logo\\\/image\\\/\",\"url\":\"https:\\\/\\\/allopicnic.com\\\/wp-content\\\/uploads\\\/2021\\\/11\\\/favicon-allopicnic.png\",\"contentUrl\":\"https:\\\/\\\/allopicnic.com\\\/wp-content\\\/uploads\\\/2021\\\/11\\\/favicon-allopicnic.png\",\"width\":1114,\"height\":1114,\"caption\":\"ALLOPICNIC\"},\"image\":{\"@id\":\"https:\\\/\\\/allopicnic.com\\\/en\\\/#\\\/schema\\\/logo\\\/image\\\/\"}}]}<\/script>\n<!-- \/ Yoast SEO plugin. -->","yoast_head_json":{"title":"Cart - ALLOPICNIC","robots":{"index":"index","follow":"follow","max-snippet":"max-snippet:-1","max-image-preview":"max-image-preview:large","max-video-preview":"max-video-preview:-1"},"canonical":"https:\/\/allopicnic.com\/en\/cart\/","og_locale":"en_US","og_type":"article","og_title":"Cart - ALLOPICNIC","og_description":"This content is for logged in users only Login Contents de vous revoir \ud83d\udc4b Registration Rejoignez-nous ! Demande d&#8217;adh\u00e9sion Thank...","og_url":"https:\/\/allopicnic.com\/en\/cart\/","og_site_name":"ALLOPICNIC","article_modified_time":"2024-11-14T09:18:57+00:00","og_image":[{"width":1920,"height":1080,"url":"https:\/\/allopicnic.com\/wp-content\/uploads\/2024\/11\/Les-paniers-repas-de-groupes.jpg","type":"image\/jpeg"}],"twitter_card":"summary_large_image","twitter_misc":{"Est. reading time":"3 minutes"},"schema":{"@context":"https:\/\/schema.org","@graph":[{"@type":"WebPage","@id":"https:\/\/allopicnic.com\/en\/cart\/","url":"https:\/\/allopicnic.com\/en\/cart\/","name":"Cart - ALLOPICNIC","isPartOf":{"@id":"https:\/\/allopicnic.com\/en\/#website"},"datePublished":"2021-11-23T19:04:15+00:00","dateModified":"2024-11-14T09:18:57+00:00","breadcrumb":{"@id":"https:\/\/allopicnic.com\/en\/cart\/#breadcrumb"},"inLanguage":"en-US","potentialAction":[{"@type":"ReadAction","target":["https:\/\/allopicnic.com\/en\/cart\/"]}]},{"@type":"BreadcrumbList","@id":"https:\/\/allopicnic.com\/en\/cart\/#breadcrumb","itemListElement":[{"@type":"ListItem","position":1,"name":"Accueil","item":"https:\/\/allopicnic.com\/en\/home\/"},{"@type":"ListItem","position":2,"name":"Cart"}]},{"@type":"WebSite","@id":"https:\/\/allopicnic.com\/en\/#website","url":"https:\/\/allopicnic.com\/en\/","name":"ALLOPICNIC","description":"Paniers repas pour les groupes  - Paris et IDF","publisher":{"@id":"https:\/\/allopicnic.com\/en\/#organization"},"potentialAction":[{"@type":"SearchAction","target":{"@type":"EntryPoint","urlTemplate":"https:\/\/allopicnic.com\/en\/?s={search_term_string}"},"query-input":{"@type":"PropertyValueSpecification","valueRequired":true,"valueName":"search_term_string"}}],"inLanguage":"en-US"},{"@type":"Organization","@id":"https:\/\/allopicnic.com\/en\/#organization","name":"ALLOPICNIC","url":"https:\/\/allopicnic.com\/en\/","logo":{"@type":"ImageObject","inLanguage":"en-US","@id":"https:\/\/allopicnic.com\/en\/#\/schema\/logo\/image\/","url":"https:\/\/allopicnic.com\/wp-content\/uploads\/2021\/11\/favicon-allopicnic.png","contentUrl":"https:\/\/allopicnic.com\/wp-content\/uploads\/2021\/11\/favicon-allopicnic.png","width":1114,"height":1114,"caption":"ALLOPICNIC"},"image":{"@id":"https:\/\/allopicnic.com\/en\/#\/schema\/logo\/image\/"}}]}},"jetpack_sharing_enabled":true,"_links":{"self":[{"href":"https:\/\/allopicnic.com\/en\/wp-json\/wp\/v2\/pages\/9526","targetHints":{"allow":["GET"]}}],"collection":[{"href":"https:\/\/allopicnic.com\/en\/wp-json\/wp\/v2\/pages"}],"about":[{"href":"https:\/\/allopicnic.com\/en\/wp-json\/wp\/v2\/types\/page"}],"author":[{"embeddable":true,"href":"https:\/\/allopicnic.com\/en\/wp-json\/wp\/v2\/users\/1"}],"replies":[{"embeddable":true,"href":"https:\/\/allopicnic.com\/en\/wp-json\/wp\/v2\/comments?post=9526"}],"version-history":[{"count":8,"href":"https:\/\/allopicnic.com\/en\/wp-json\/wp\/v2\/pages\/9526\/revisions"}],"predecessor-version":[{"id":21868,"href":"https:\/\/allopicnic.com\/en\/wp-json\/wp\/v2\/pages\/9526\/revisions\/21868"}],"wp:attachment":[{"href":"https:\/\/allopicnic.com\/en\/wp-json\/wp\/v2\/media?parent=9526"}],"curies":[{"name":"wp","href":"https:\/\/api.w.org\/{rel}","templated":true}]}}