{"id":9669,"date":"2022-03-20T18:27:39","date_gmt":"2022-03-20T17:27:39","guid":{"rendered":"http:\/\/allopicnic.com\/membership\/"},"modified":"2024-04-16T13:04:08","modified_gmt":"2024-04-16T11:04:08","slug":"membership-en","status":"publish","type":"page","link":"https:\/\/allopicnic.com\/en\/membership-en\/","title":{"rendered":"Membership"},"content":{"rendered":"\t\t<div data-elementor-type=\"wp-page\" data-elementor-id=\"9669\" class=\"elementor elementor-9669 elementor-9272\" data-elementor-post-type=\"page\">\n\t\t\t\t\t\t<section class=\"elementor-section elementor-top-section elementor-element elementor-element-222d0ea jedv-enabled--yes elementor-section-boxed elementor-section-height-default elementor-section-height-default\" data-id=\"222d0ea\" data-element_type=\"section\" data-e-type=\"section\">\n\t\t\t\t\t\t<div class=\"elementor-container elementor-column-gap-default\">\n\t\t\t\t\t<div class=\"elementor-column elementor-col-100 elementor-top-column elementor-element elementor-element-be55ae2\" data-id=\"be55ae2\" data-element_type=\"column\" data-e-type=\"column\">\n\t\t\t<div class=\"elementor-widget-wrap elementor-element-populated\">\n\t\t\t\t\t\t<div class=\"elementor-element elementor-element-2ee1e3c elementor-widget elementor-widget-heading\" data-id=\"2ee1e3c\" data-element_type=\"widget\" data-e-type=\"widget\" data-widget_type=\"heading.default\">\n\t\t\t\t<div class=\"elementor-widget-container\">\n\t\t\t\t\t<h2 class=\"elementor-heading-title elementor-size-default\">Welcome to the membership area<\/h2>\t\t\t\t<\/div>\n\t\t\t\t<\/div>\n\t\t\t\t<div class=\"elementor-element elementor-element-b73c07b elementor-widget elementor-widget-text-editor\" data-id=\"b73c07b\" data-element_type=\"widget\" data-e-type=\"widget\" data-widget_type=\"text-editor.default\">\n\t\t\t\t<div class=\"elementor-widget-container\">\n\t\t\t\t\t\t\t\t\t<p>Would you like to delight your groups with our delicious lunch boxes? Request your membership now!<\/p>\n<p><em>NB : ALLOPICNIC is strictly reserved for professionals organising a group trip<\/em><\/p>\n\t\t\t\t\t\t\t\t<\/div>\n\t\t\t\t<\/div>\n\t\t\t\t<section class=\"elementor-section elementor-inner-section elementor-element elementor-element-cfa0163 elementor-section-boxed elementor-section-height-default elementor-section-height-default\" data-id=\"cfa0163\" data-element_type=\"section\" data-e-type=\"section\">\n\t\t\t\t\t\t<div class=\"elementor-container elementor-column-gap-default\">\n\t\t\t\t\t<div class=\"elementor-column elementor-col-100 elementor-inner-column elementor-element elementor-element-ba358be\" data-id=\"ba358be\" data-element_type=\"column\" data-e-type=\"column\" data-settings=\"{&quot;background_background&quot;:&quot;classic&quot;}\">\n\t\t\t<div class=\"elementor-widget-wrap elementor-element-populated\">\n\t\t\t\t\t\t<div class=\"elementor-element elementor-element-7e04efb elementor-widget elementor-widget-heading\" data-id=\"7e04efb\" data-element_type=\"widget\" data-e-type=\"widget\" data-widget_type=\"heading.default\">\n\t\t\t\t<div class=\"elementor-widget-container\">\n\t\t\t\t\t<h6 class=\"elementor-heading-title elementor-size-default\">Membership<\/h6>\t\t\t\t<\/div>\n\t\t\t\t<\/div>\n\t\t\t\t<div class=\"elementor-element elementor-element-7eaf277 elementor-widget elementor-widget-jet-engine-booking-form\" data-id=\"7eaf277\" data-element_type=\"widget\" data-e-type=\"widget\" data-widget_type=\"jet-engine-booking-form.default\">\n\t\t\t\t<div class=\"elementor-widget-container\">\n\t\t\t\t\t<form  class=\"jet-form layout-column submit-type-reload\" action=\"\/en\/wp-json\/wp\/v2\/pages\/9669?jet_engine_action=book&#038;nocache=1777408394\" method=\"POST\" data-form-id=\"3753\"><input class=\"jet-form__field hidden-field\" type=\"hidden\" name=\"_jet_engine_booking_form_id\" value=\"3753\" data-field-name=\"_jet_engine_booking_form_id\"><input class=\"jet-form__field hidden-field\" type=\"hidden\" name=\"_jet_engine_refer\" value=\"https:\/\/allopicnic.com\/en\/wp-json\/wp\/v2\/pages\/9669\/\" data-field-name=\"_jet_engine_refer\"><div  class=\"jet-form-row jet-form-row--first-visible\"><div class=\"jet-form-col jet-form-col-6  field-type-text  jet-form-field-container\" data-field=\"prenom-adhesion\" data-conditional=\"false\"><input class=\"jet-form__field text-field \" placeholder=\"Pr\u00e9nom\" value=\"\" required=\"required\" name=\"prenom-adhesion\" id=\"prenom-adhesion\" type=\"text\" data-field-name=\"prenom-adhesion\"><\/div><div class=\"jet-form-col jet-form-col-6  field-type-text  jet-form-field-container\" data-field=\"nom-adhesion\" data-conditional=\"false\"><input class=\"jet-form__field text-field \" placeholder=\"Nom\" value=\"\" required=\"required\" name=\"nom-adhesion\" id=\"nom-adhesion\" type=\"text\" data-field-name=\"nom-adhesion\"><\/div><\/div><div  class=\"jet-form-row\"><div class=\"jet-form-col jet-form-col-12  field-type-text  jet-form-field-container\" data-field=\"email-adhesion\" data-conditional=\"false\"><input class=\"jet-form__field text-field \" placeholder=\"Email pro\" value=\"\" required=\"required\" name=\"email-adhesion\" id=\"email-adhesion\" type=\"email\" data-field-name=\"email-adhesion\"><small class=\"jet-form__desc\"><span class=\"jet-form__desc-text\">Seules les demandes d'adh\u00e9sion avec une adresse professionnelles sont \u00e9tudi\u00e9es. Les adresses mails g\u00e9n\u00e9riques (@gmail.com, @hotmail.com,...) sont automatiquement exclues.<\/span><\/small><\/div><\/div><div  class=\"jet-form-row\"><div class=\"jet-form-col jet-form-col-12  field-type-text  jet-form-field-container\" data-field=\"telephone\" data-conditional=\"false\"><input class=\"jet-form__field text-field jet-form__masked-field\" placeholder=\"T\u00e9l\u00e9phone pro\" required=\"required\" name=\"telephone\" id=\"telephone\" type=\"text\" data-field-name=\"telephone\" data-inputmask=\"'mask': '(+99) 9 99 99 99 99'\" data-inputmask-showmaskonhover=\"true\" data-inputmask-showmaskonfocus=\"true\"><small class=\"jet-form__desc\"><span class=\"jet-form__desc-text\">Veuillez indiquer l'indicatif pour votre pays svp. Ex. pour la France (+33) 6 xx xx xx xx<\/span><\/small><\/div><\/div><div  class=\"jet-form-row\"><div class=\"jet-form-col jet-form-col-12  field-type-text  jet-form-field-container\" data-field=\"entreprise\" data-conditional=\"false\"><input class=\"jet-form__field text-field \" placeholder=\"Organisation\" value=\"\" required=\"required\" name=\"entreprise\" id=\"entreprise\" type=\"text\" data-field-name=\"entreprise\"><\/div><\/div><div  class=\"jet-form-row\"><div class=\"jet-form-col jet-form-col-6  field-type-select  jet-form-field-container\" data-field=\"activite\" data-conditional=\"false\"><select  required=\"required\" name=\"activite\" data-field-name=\"activite\" id=\"activite\" data-default-val=\"\" class=\"jet-form__field select-field\"><option value=\"\" selected>Activit\u00e9<\/option><option value=\"0\" >Tour Op\u00e9rateur (TO)<\/option><option value=\"2\" >Agence r\u00e9ceptive (DMC)<\/option><option value=\"3\" >Excursionniste <\/option><option value=\"4\" >Car Op\u00e9rateur<\/option><option value=\"5\" >Association<\/option><option value=\"6\" >\u00c9ducation<\/option><option value=\"1\" >Autre<\/option><\/select><\/div><div class=\"jet-form-col jet-form-col-6  field-type-text  jet-form-field-container\" data-field=\"autre\" data-conditional=\"[{&quot;type&quot;:&quot;show&quot;,&quot;field&quot;:&quot;activite&quot;,&quot;operator&quot;:&quot;equal&quot;,&quot;value&quot;:&quot;1&quot;,&quot;set_value&quot;:&quot;&quot;}]\"><input class=\"jet-form__field text-field \" placeholder=\"Pr\u00e9cisez svp\" value=\"\" name=\"autre\" id=\"autre\" type=\"text\" data-field-name=\"autre\"><small class=\"jet-form__desc\"><span class=\"jet-form__desc-text\">Attention ! AlloPicnic est exclusivement d\u00e9di\u00e9 aux organisateurs de voyage de groupe !<\/span><\/small><\/div><\/div><div  class=\"jet-form-row\"><div class=\"jet-form-col jet-form-col-6  field-type-text  jet-form-field-container\" data-field=\"motdepasse\" data-conditional=\"false\"><input class=\"jet-form__field text-field \" placeholder=\"Mot de passe\" value=\"\" required=\"required\" name=\"motdepasse\" id=\"motdepasse\" type=\"password\" data-field-name=\"motdepasse\"><\/div><div class=\"jet-form-col jet-form-col-6  field-type-text  jet-form-field-container\" data-field=\"confimationmotdepasse\" data-conditional=\"false\"><input class=\"jet-form__field text-field \" placeholder=\"Confirmation du mot de passe\" value=\"\" required=\"required\" name=\"confimationmotdepasse\" id=\"confimationmotdepasse\" type=\"password\" data-field-name=\"confimationmotdepasse\"><\/div><\/div><div  class=\"jet-form-row jet-form-row--submit\"><div class=\"jet-form-col jet-form-col-12  field-type-submit  jet-form-field-container\" data-field=\"Submit\" data-conditional=\"false\"><div class=\"jet-form__submit-wrap\">\n\t\t<button class=\"jet-form__submit submit-type-reload\" type=\"submit\">Envoyer<\/button>\n<\/div><\/div><\/div><input class=\"jet-form__field hidden-field\" type=\"hidden\" name=\"_jet_engine_nonce\" value=\"3f74e6b8e3\" data-field-name=\"_jet_engine_nonce\"><\/form>\t\t\t\t<\/div>\n\t\t\t\t<\/div>\n\t\t\t\t\t<\/div>\n\t\t<\/div>\n\t\t\t\t\t<\/div>\n\t\t<\/section>\n\t\t\t\t\t<\/div>\n\t\t<\/div>\n\t\t\t\t\t<\/div>\n\t\t<\/section>\n\t\t\t\t<\/div>\n\t\t","protected":false},"excerpt":{"rendered":"<p>Welcome to the membership area Would you like to delight your groups with our delicious lunch boxes? Request your membership&#8230;<\/p>\n","protected":false},"author":1,"featured_media":0,"parent":0,"menu_order":0,"comment_status":"closed","ping_status":"closed","template":"","meta":{"footnotes":""},"class_list":["post-9669","page","type-page","status-publish","hentry"],"yoast_head":"<!-- This site is optimized with the Yoast SEO plugin v27.5 - https:\/\/yoast.com\/product\/yoast-seo-wordpress\/ -->\n<title>Join us!<\/title>\n<meta name=\"description\" content=\"Join ALLOPICNIC and treat your group with healthy and tasty meals for less than \u20ac10! Groups from 15 participants.\" \/>\n<meta name=\"robots\" content=\"index, follow, max-snippet:-1, max-image-preview:large, max-video-preview:-1\" \/>\n<link rel=\"canonical\" href=\"https:\/\/allopicnic.com\/en\/membership-en\/\" \/>\n<meta property=\"og:locale\" content=\"en_US\" \/>\n<meta property=\"og:type\" content=\"article\" \/>\n<meta property=\"og:title\" content=\"Join us!\" \/>\n<meta property=\"og:description\" content=\"Join ALLOPICNIC and treat your group with healthy and tasty meals for less than \u20ac10! Groups from 15 participants.\" \/>\n<meta property=\"og:url\" content=\"https:\/\/allopicnic.com\/en\/membership-en\/\" \/>\n<meta property=\"og:site_name\" content=\"ALLOPICNIC\" \/>\n<meta property=\"article:modified_time\" content=\"2024-04-16T11:04:08+00:00\" \/>\n<meta property=\"og:image\" content=\"https:\/\/allopicnic.com\/wp-content\/uploads\/2024\/11\/Les-paniers-repas-de-groupes.jpg\" \/>\n\t<meta property=\"og:image:width\" content=\"1920\" \/>\n\t<meta property=\"og:image:height\" content=\"1080\" \/>\n\t<meta property=\"og:image:type\" content=\"image\/jpeg\" \/>\n<meta name=\"twitter:card\" content=\"summary_large_image\" \/>\n<meta name=\"twitter:label1\" content=\"Est. reading time\" \/>\n\t<meta name=\"twitter:data1\" content=\"1 minute\" \/>\n<script type=\"application\/ld+json\" class=\"yoast-schema-graph\">{\"@context\":\"https:\\\/\\\/schema.org\",\"@graph\":[{\"@type\":\"WebPage\",\"@id\":\"https:\\\/\\\/allopicnic.com\\\/en\\\/membership-en\\\/\",\"url\":\"https:\\\/\\\/allopicnic.com\\\/en\\\/membership-en\\\/\",\"name\":\"Join us!\",\"isPartOf\":{\"@id\":\"https:\\\/\\\/allopicnic.com\\\/en\\\/#website\"},\"datePublished\":\"2022-03-20T17:27:39+00:00\",\"dateModified\":\"2024-04-16T11:04:08+00:00\",\"description\":\"Join ALLOPICNIC and treat your group with healthy and tasty meals for less than \u20ac10! Groups from 15 participants.\",\"breadcrumb\":{\"@id\":\"https:\\\/\\\/allopicnic.com\\\/en\\\/membership-en\\\/#breadcrumb\"},\"inLanguage\":\"en-US\",\"potentialAction\":[{\"@type\":\"ReadAction\",\"target\":[\"https:\\\/\\\/allopicnic.com\\\/en\\\/membership-en\\\/\"]}]},{\"@type\":\"BreadcrumbList\",\"@id\":\"https:\\\/\\\/allopicnic.com\\\/en\\\/membership-en\\\/#breadcrumb\",\"itemListElement\":[{\"@type\":\"ListItem\",\"position\":1,\"name\":\"Accueil\",\"item\":\"https:\\\/\\\/allopicnic.com\\\/en\\\/home\\\/\"},{\"@type\":\"ListItem\",\"position\":2,\"name\":\"Membership\"}]},{\"@type\":\"WebSite\",\"@id\":\"https:\\\/\\\/allopicnic.com\\\/en\\\/#website\",\"url\":\"https:\\\/\\\/allopicnic.com\\\/en\\\/\",\"name\":\"ALLOPICNIC\",\"description\":\"Paniers repas pour les groupes  - Paris et IDF\",\"publisher\":{\"@id\":\"https:\\\/\\\/allopicnic.com\\\/en\\\/#organization\"},\"potentialAction\":[{\"@type\":\"SearchAction\",\"target\":{\"@type\":\"EntryPoint\",\"urlTemplate\":\"https:\\\/\\\/allopicnic.com\\\/en\\\/?s={search_term_string}\"},\"query-input\":{\"@type\":\"PropertyValueSpecification\",\"valueRequired\":true,\"valueName\":\"search_term_string\"}}],\"inLanguage\":\"en-US\"},{\"@type\":\"Organization\",\"@id\":\"https:\\\/\\\/allopicnic.com\\\/en\\\/#organization\",\"name\":\"ALLOPICNIC\",\"url\":\"https:\\\/\\\/allopicnic.com\\\/en\\\/\",\"logo\":{\"@type\":\"ImageObject\",\"inLanguage\":\"en-US\",\"@id\":\"https:\\\/\\\/allopicnic.com\\\/en\\\/#\\\/schema\\\/logo\\\/image\\\/\",\"url\":\"https:\\\/\\\/allopicnic.com\\\/wp-content\\\/uploads\\\/2021\\\/11\\\/favicon-allopicnic.png\",\"contentUrl\":\"https:\\\/\\\/allopicnic.com\\\/wp-content\\\/uploads\\\/2021\\\/11\\\/favicon-allopicnic.png\",\"width\":1114,\"height\":1114,\"caption\":\"ALLOPICNIC\"},\"image\":{\"@id\":\"https:\\\/\\\/allopicnic.com\\\/en\\\/#\\\/schema\\\/logo\\\/image\\\/\"}}]}<\/script>\n<!-- \/ Yoast SEO plugin. -->","yoast_head_json":{"title":"Join us!","description":"Join ALLOPICNIC and treat your group with healthy and tasty meals for less than \u20ac10! Groups from 15 participants.","robots":{"index":"index","follow":"follow","max-snippet":"max-snippet:-1","max-image-preview":"max-image-preview:large","max-video-preview":"max-video-preview:-1"},"canonical":"https:\/\/allopicnic.com\/en\/membership-en\/","og_locale":"en_US","og_type":"article","og_title":"Join us!","og_description":"Join ALLOPICNIC and treat your group with healthy and tasty meals for less than \u20ac10! Groups from 15 participants.","og_url":"https:\/\/allopicnic.com\/en\/membership-en\/","og_site_name":"ALLOPICNIC","article_modified_time":"2024-04-16T11:04:08+00:00","og_image":[{"width":1920,"height":1080,"url":"https:\/\/allopicnic.com\/wp-content\/uploads\/2024\/11\/Les-paniers-repas-de-groupes.jpg","type":"image\/jpeg"}],"twitter_card":"summary_large_image","twitter_misc":{"Est. reading time":"1 minute"},"schema":{"@context":"https:\/\/schema.org","@graph":[{"@type":"WebPage","@id":"https:\/\/allopicnic.com\/en\/membership-en\/","url":"https:\/\/allopicnic.com\/en\/membership-en\/","name":"Join us!","isPartOf":{"@id":"https:\/\/allopicnic.com\/en\/#website"},"datePublished":"2022-03-20T17:27:39+00:00","dateModified":"2024-04-16T11:04:08+00:00","description":"Join ALLOPICNIC and treat your group with healthy and tasty meals for less than \u20ac10! Groups from 15 participants.","breadcrumb":{"@id":"https:\/\/allopicnic.com\/en\/membership-en\/#breadcrumb"},"inLanguage":"en-US","potentialAction":[{"@type":"ReadAction","target":["https:\/\/allopicnic.com\/en\/membership-en\/"]}]},{"@type":"BreadcrumbList","@id":"https:\/\/allopicnic.com\/en\/membership-en\/#breadcrumb","itemListElement":[{"@type":"ListItem","position":1,"name":"Accueil","item":"https:\/\/allopicnic.com\/en\/home\/"},{"@type":"ListItem","position":2,"name":"Membership"}]},{"@type":"WebSite","@id":"https:\/\/allopicnic.com\/en\/#website","url":"https:\/\/allopicnic.com\/en\/","name":"ALLOPICNIC","description":"Paniers repas pour les groupes  - Paris et IDF","publisher":{"@id":"https:\/\/allopicnic.com\/en\/#organization"},"potentialAction":[{"@type":"SearchAction","target":{"@type":"EntryPoint","urlTemplate":"https:\/\/allopicnic.com\/en\/?s={search_term_string}"},"query-input":{"@type":"PropertyValueSpecification","valueRequired":true,"valueName":"search_term_string"}}],"inLanguage":"en-US"},{"@type":"Organization","@id":"https:\/\/allopicnic.com\/en\/#organization","name":"ALLOPICNIC","url":"https:\/\/allopicnic.com\/en\/","logo":{"@type":"ImageObject","inLanguage":"en-US","@id":"https:\/\/allopicnic.com\/en\/#\/schema\/logo\/image\/","url":"https:\/\/allopicnic.com\/wp-content\/uploads\/2021\/11\/favicon-allopicnic.png","contentUrl":"https:\/\/allopicnic.com\/wp-content\/uploads\/2021\/11\/favicon-allopicnic.png","width":1114,"height":1114,"caption":"ALLOPICNIC"},"image":{"@id":"https:\/\/allopicnic.com\/en\/#\/schema\/logo\/image\/"}}]}},"jetpack_sharing_enabled":true,"_links":{"self":[{"href":"https:\/\/allopicnic.com\/en\/wp-json\/wp\/v2\/pages\/9669","targetHints":{"allow":["GET"]}}],"collection":[{"href":"https:\/\/allopicnic.com\/en\/wp-json\/wp\/v2\/pages"}],"about":[{"href":"https:\/\/allopicnic.com\/en\/wp-json\/wp\/v2\/types\/page"}],"author":[{"embeddable":true,"href":"https:\/\/allopicnic.com\/en\/wp-json\/wp\/v2\/users\/1"}],"replies":[{"embeddable":true,"href":"https:\/\/allopicnic.com\/en\/wp-json\/wp\/v2\/comments?post=9669"}],"version-history":[{"count":11,"href":"https:\/\/allopicnic.com\/en\/wp-json\/wp\/v2\/pages\/9669\/revisions"}],"predecessor-version":[{"id":20425,"href":"https:\/\/allopicnic.com\/en\/wp-json\/wp\/v2\/pages\/9669\/revisions\/20425"}],"wp:attachment":[{"href":"https:\/\/allopicnic.com\/en\/wp-json\/wp\/v2\/media?parent=9669"}],"curies":[{"name":"wp","href":"https:\/\/api.w.org\/{rel}","templated":true}]}}